{"id":610,"date":"2022-08-22T09:03:53","date_gmt":"2022-08-22T07:03:53","guid":{"rendered":"https:\/\/apis-vita.si\/ueber-apis-vita\/"},"modified":"2022-08-28T18:37:17","modified_gmt":"2022-08-28T16:37:17","slug":"ueber-apis-vita","status":"publish","type":"page","link":"https:\/\/apis-vita.si\/de\/ueber-apis-vita\/","title":{"rendered":"\u00dcber Apis-vita"},"content":{"rendered":"\t\t<div data-elementor-type=\"wp-page\" data-elementor-id=\"610\" class=\"elementor elementor-610 elementor-157\" data-elementor-post-type=\"page\">\n\t\t\t\t\t\t<section class=\"elementor-section elementor-top-section elementor-element elementor-element-401f2b4 elementor-section-full_width elementor-section-height-min-height elementor-section-height-default elementor-section-items-middle\" data-id=\"401f2b4\" data-element_type=\"section\" data-e-type=\"section\" data-settings=\"{&quot;background_background&quot;:&quot;classic&quot;}\">\n\t\t\t\t\t\t<div class=\"elementor-container elementor-column-gap-default\">\n\t\t\t\t\t<div class=\"elementor-column elementor-col-100 elementor-top-column elementor-element elementor-element-1d0bb69\" data-id=\"1d0bb69\" data-element_type=\"column\" data-e-type=\"column\">\n\t\t\t<div class=\"elementor-widget-wrap elementor-element-populated\">\n\t\t\t\t\t\t<div class=\"elementor-element elementor-element-48c0875 elementor-widget elementor-widget-heading\" data-id=\"48c0875\" data-element_type=\"widget\" data-e-type=\"widget\" data-widget_type=\"heading.default\">\n\t\t\t\t<div class=\"elementor-widget-container\">\n\t\t\t\t\t<h2 class=\"elementor-heading-title elementor-size-default\">\u00dcBER APIS-VITA<\/h2>\t\t\t\t<\/div>\n\t\t\t\t<\/div>\n\t\t\t\t\t<\/div>\n\t\t<\/div>\n\t\t\t\t\t<\/div>\n\t\t<\/section>\n\t\t\t\t<section class=\"elementor-section elementor-top-section elementor-element elementor-element-84f0114 elementor-section-boxed elementor-section-height-default elementor-section-height-default\" data-id=\"84f0114\" data-element_type=\"section\" data-e-type=\"section\">\n\t\t\t\t\t\t<div class=\"elementor-container elementor-column-gap-default\">\n\t\t\t\t\t<div class=\"elementor-column elementor-col-100 elementor-top-column elementor-element elementor-element-4149bb7\" data-id=\"4149bb7\" data-element_type=\"column\" data-e-type=\"column\">\n\t\t\t<div class=\"elementor-widget-wrap elementor-element-populated\">\n\t\t\t\t\t\t<div class=\"elementor-element elementor-element-090d897 elementor-invisible elementor-widget elementor-widget-text-editor\" data-id=\"090d897\" data-element_type=\"widget\" data-e-type=\"widget\" data-settings=\"{&quot;_animation&quot;:&quot;fadeIn&quot;,&quot;_animation_delay&quot;:200}\" data-widget_type=\"text-editor.default\">\n\t\t\t\t<div class=\"elementor-widget-container\">\n\t\t\t\t\t\t\t\t\t<p>Die grundlegenden Ziele und Visionen von APIS-VITA d.o.o. basierend auf der Sicherstellung der qualitativ hochwertigen Anwendung technologisch fortschrittlicher Prozesse, die alle Anforderungen und Einschr\u00e4nkungen des HACCP-Systems erf\u00fcllen.<\/p><p>Heutzutage ist eine gesunde Ern\u00e4hrung f\u00fcr jeden Einzelnen \u00e4u\u00dferst wichtig, weshalb wir unseren Kunden eine Reihe von nat\u00fcrlich hergestellten hochwertigen slowenischen Essigen der Marke Matejev anbieten.<\/p>\t\t\t\t\t\t\t\t<\/div>\n\t\t\t\t<\/div>\n\t\t\t\t\t<\/div>\n\t\t<\/div>\n\t\t\t\t\t<\/div>\n\t\t<\/section>\n\t\t\t\t<section class=\"elementor-section elementor-top-section elementor-element elementor-element-e1c9768 elementor-section-boxed elementor-section-height-default elementor-section-height-default\" data-id=\"e1c9768\" data-element_type=\"section\" data-e-type=\"section\" data-settings=\"{&quot;background_background&quot;:&quot;classic&quot;}\">\n\t\t\t\t\t\t<div class=\"elementor-container elementor-column-gap-default\">\n\t\t\t\t\t<div class=\"elementor-column elementor-col-50 elementor-top-column elementor-element elementor-element-31ddae5\" data-id=\"31ddae5\" data-element_type=\"column\" data-e-type=\"column\">\n\t\t\t<div class=\"elementor-widget-wrap elementor-element-populated\">\n\t\t\t\t\t\t<div class=\"elementor-element elementor-element-284c010 animated-slow elementor-invisible elementor-widget elementor-widget-heading\" data-id=\"284c010\" data-element_type=\"widget\" data-e-type=\"widget\" data-settings=\"{&quot;_animation&quot;:&quot;fadeIn&quot;}\" data-widget_type=\"heading.default\">\n\t\t\t\t<div class=\"elementor-widget-container\">\n\t\t\t\t\t<h2 class=\"elementor-heading-title elementor-size-default\">Das Team<\/h2>\t\t\t\t<\/div>\n\t\t\t\t<\/div>\n\t\t\t\t<div class=\"elementor-element elementor-element-95782bb elementor-widget-divider--view-line elementor-widget elementor-widget-divider\" data-id=\"95782bb\" data-element_type=\"widget\" data-e-type=\"widget\" data-widget_type=\"divider.default\">\n\t\t\t\t<div class=\"elementor-widget-container\">\n\t\t\t\t\t\t\t<div class=\"elementor-divider\">\n\t\t\t<span class=\"elementor-divider-separator\">\n\t\t\t\t\t\t<\/span>\n\t\t<\/div>\n\t\t\t\t\t\t<\/div>\n\t\t\t\t<\/div>\n\t\t\t\t<div class=\"elementor-element elementor-element-2594911 elementor-invisible elementor-widget elementor-widget-text-editor\" data-id=\"2594911\" data-element_type=\"widget\" data-e-type=\"widget\" data-settings=\"{&quot;_animation&quot;:&quot;fadeIn&quot;,&quot;_animation_delay&quot;:200}\" data-widget_type=\"text-editor.default\">\n\t\t\t\t<div class=\"elementor-widget-container\">\n\t\t\t\t\t\t\t\t\t<p>Das junge und ehrgeizige Team k\u00fcmmert sich um die st\u00e4ndige Erhaltung und Erweiterung der Qualit\u00e4t und Produktpalette, um den Anforderungen einer breiten Nutzergruppe gerecht zu werden.<\/p>\t\t\t\t\t\t\t\t<\/div>\n\t\t\t\t<\/div>\n\t\t\t\t\t<\/div>\n\t\t<\/div>\n\t\t\t\t<div class=\"elementor-column elementor-col-50 elementor-top-column elementor-element elementor-element-ffdc098\" data-id=\"ffdc098\" data-element_type=\"column\" data-e-type=\"column\">\n\t\t\t<div class=\"elementor-widget-wrap elementor-element-populated\">\n\t\t\t\t\t\t<div class=\"elementor-element elementor-element-11a15a6 elementor-widget elementor-widget-image\" data-id=\"11a15a6\" data-element_type=\"widget\" data-e-type=\"widget\" data-widget_type=\"image.default\">\n\t\t\t\t<div class=\"elementor-widget-container\">\n\t\t\t\t\t\t\t\t\t\t\t\t\t\t\t<img fetchpriority=\"high\" decoding=\"async\" width=\"600\" height=\"600\" src=\"https:\/\/apis-vita.si\/wp-content\/uploads\/2022\/08\/ekipa-scaled-1.jpg\" class=\"attachment-full size-full wp-image-567\" alt=\"\" srcset=\"https:\/\/apis-vita.si\/wp-content\/uploads\/2022\/08\/ekipa-scaled-1.jpg 600w, https:\/\/apis-vita.si\/wp-content\/uploads\/2022\/08\/ekipa-scaled-1-300x300.jpg 300w, https:\/\/apis-vita.si\/wp-content\/uploads\/2022\/08\/ekipa-scaled-1-150x150.jpg 150w\" sizes=\"(max-width: 600px) 100vw, 600px\" \/>\t\t\t\t\t\t\t\t\t\t\t\t\t\t\t<\/div>\n\t\t\t\t<\/div>\n\t\t\t\t\t<\/div>\n\t\t<\/div>\n\t\t\t\t\t<\/div>\n\t\t<\/section>\n\t\t\t\t<section class=\"elementor-section elementor-top-section elementor-element elementor-element-a9b1eca elementor-section-boxed elementor-section-height-default elementor-section-height-default\" data-id=\"a9b1eca\" data-element_type=\"section\" data-e-type=\"section\">\n\t\t\t\t\t\t<div class=\"elementor-container elementor-column-gap-default\">\n\t\t\t\t\t<div class=\"elementor-column elementor-col-50 elementor-top-column elementor-element elementor-element-8f9c541\" data-id=\"8f9c541\" data-element_type=\"column\" data-e-type=\"column\">\n\t\t\t<div class=\"elementor-widget-wrap elementor-element-populated\">\n\t\t\t\t\t\t<div class=\"elementor-element elementor-element-197e276 elementor-widget elementor-widget-image\" data-id=\"197e276\" data-element_type=\"widget\" data-e-type=\"widget\" data-widget_type=\"image.default\">\n\t\t\t\t<div class=\"elementor-widget-container\">\n\t\t\t\t\t\t\t\t\t\t\t\t\t\t\t<img decoding=\"async\" width=\"600\" height=\"600\" src=\"https:\/\/apis-vita.si\/wp-content\/uploads\/2022\/08\/kakovost-1.jpg\" class=\"attachment-full size-full wp-image-570\" alt=\"\" srcset=\"https:\/\/apis-vita.si\/wp-content\/uploads\/2022\/08\/kakovost-1.jpg 600w, https:\/\/apis-vita.si\/wp-content\/uploads\/2022\/08\/kakovost-1-300x300.jpg 300w, https:\/\/apis-vita.si\/wp-content\/uploads\/2022\/08\/kakovost-1-150x150.jpg 150w\" sizes=\"(max-width: 600px) 100vw, 600px\" \/>\t\t\t\t\t\t\t\t\t\t\t\t\t\t\t<\/div>\n\t\t\t\t<\/div>\n\t\t\t\t\t<\/div>\n\t\t<\/div>\n\t\t\t\t<div class=\"elementor-column elementor-col-50 elementor-top-column elementor-element elementor-element-7c7b776\" data-id=\"7c7b776\" data-element_type=\"column\" data-e-type=\"column\">\n\t\t\t<div class=\"elementor-widget-wrap elementor-element-populated\">\n\t\t\t\t\t\t<div class=\"elementor-element elementor-element-18f3e4f animated-slow elementor-invisible elementor-widget elementor-widget-heading\" data-id=\"18f3e4f\" data-element_type=\"widget\" data-e-type=\"widget\" data-settings=\"{&quot;_animation&quot;:&quot;fadeIn&quot;}\" data-widget_type=\"heading.default\">\n\t\t\t\t<div class=\"elementor-widget-container\">\n\t\t\t\t\t<h2 class=\"elementor-heading-title elementor-size-default\">Qualit\u00e4t<\/h2>\t\t\t\t<\/div>\n\t\t\t\t<\/div>\n\t\t\t\t<div class=\"elementor-element elementor-element-400c06d elementor-widget-divider--view-line elementor-widget elementor-widget-divider\" data-id=\"400c06d\" data-element_type=\"widget\" data-e-type=\"widget\" data-widget_type=\"divider.default\">\n\t\t\t\t<div class=\"elementor-widget-container\">\n\t\t\t\t\t\t\t<div class=\"elementor-divider\">\n\t\t\t<span class=\"elementor-divider-separator\">\n\t\t\t\t\t\t<\/span>\n\t\t<\/div>\n\t\t\t\t\t\t<\/div>\n\t\t\t\t<\/div>\n\t\t\t\t<div class=\"elementor-element elementor-element-1f7accb elementor-invisible elementor-widget elementor-widget-text-editor\" data-id=\"1f7accb\" data-element_type=\"widget\" data-e-type=\"widget\" data-settings=\"{&quot;_animation&quot;:&quot;fadeIn&quot;,&quot;_animation_delay&quot;:200}\" data-widget_type=\"text-editor.default\">\n\t\t\t\t<div class=\"elementor-widget-container\">\n\t\t\t\t\t\t\t\t\t<p>Wir haben traditionelle Verarbeitungsprozesse mit kreativen Ideen und modernen Ans\u00e4tzen aufgewertet und die Herstellung hochwertiger, gesunder und umweltfreundlicher Produkte erm\u00f6glicht. Ihre Exzellenz wird durch internationale Qualit\u00e4tsstandards best\u00e4tigt, die auf h\u00f6chstem Niveau best\u00e4tigt werden. <\/p>\t\t\t\t\t\t\t\t<\/div>\n\t\t\t\t<\/div>\n\t\t\t\t\t<\/div>\n\t\t<\/div>\n\t\t\t\t\t<\/div>\n\t\t<\/section>\n\t\t\t\t<section class=\"elementor-section elementor-top-section elementor-element elementor-element-9a3552d elementor-section-boxed elementor-section-height-default elementor-section-height-default\" data-id=\"9a3552d\" data-element_type=\"section\" data-e-type=\"section\" data-settings=\"{&quot;background_background&quot;:&quot;classic&quot;}\">\n\t\t\t\t\t\t<div class=\"elementor-container elementor-column-gap-default\">\n\t\t\t\t\t<div class=\"elementor-column elementor-col-50 elementor-top-column elementor-element elementor-element-b6fbf1b\" data-id=\"b6fbf1b\" data-element_type=\"column\" data-e-type=\"column\">\n\t\t\t<div class=\"elementor-widget-wrap elementor-element-populated\">\n\t\t\t\t\t\t<div class=\"elementor-element elementor-element-80c8a1c animated-slow elementor-invisible elementor-widget elementor-widget-heading\" data-id=\"80c8a1c\" data-element_type=\"widget\" data-e-type=\"widget\" data-settings=\"{&quot;_animation&quot;:&quot;fadeIn&quot;}\" data-widget_type=\"heading.default\">\n\t\t\t\t<div class=\"elementor-widget-container\">\n\t\t\t\t\t<h2 class=\"elementor-heading-title elementor-size-default\">Tradition<\/h2>\t\t\t\t<\/div>\n\t\t\t\t<\/div>\n\t\t\t\t<div class=\"elementor-element elementor-element-a3fc2f2 elementor-widget-divider--view-line elementor-widget elementor-widget-divider\" data-id=\"a3fc2f2\" data-element_type=\"widget\" data-e-type=\"widget\" data-widget_type=\"divider.default\">\n\t\t\t\t<div class=\"elementor-widget-container\">\n\t\t\t\t\t\t\t<div class=\"elementor-divider\">\n\t\t\t<span class=\"elementor-divider-separator\">\n\t\t\t\t\t\t<\/span>\n\t\t<\/div>\n\t\t\t\t\t\t<\/div>\n\t\t\t\t<\/div>\n\t\t\t\t<div class=\"elementor-element elementor-element-84a1214 elementor-invisible elementor-widget elementor-widget-text-editor\" data-id=\"84a1214\" data-element_type=\"widget\" data-e-type=\"widget\" data-settings=\"{&quot;_animation&quot;:&quot;fadeIn&quot;,&quot;_animation_delay&quot;:200}\" data-widget_type=\"text-editor.default\">\n\t\t\t\t<div class=\"elementor-widget-container\">\n\t\t\t\t\t\t\t\t\t<p>Das Unternehmen verbindet Tradition, Moderne und hohe Qualit\u00e4t und ist bestrebt, den komplexen Bed\u00fcrfnissen der Verbraucher gerecht zu werden. Die Auswahl der Markenprodukte von Apis-vita gew\u00e4hrleistet Produkte mit hoher Wertsch\u00f6pfung, die den Aspekten der Verantwortung gegen\u00fcber der sozialen und nat\u00fcrlichen Umwelt gerecht werden. <\/p>\t\t\t\t\t\t\t\t<\/div>\n\t\t\t\t<\/div>\n\t\t\t\t\t<\/div>\n\t\t<\/div>\n\t\t\t\t<div class=\"elementor-column elementor-col-50 elementor-top-column elementor-element elementor-element-bd8384f\" data-id=\"bd8384f\" data-element_type=\"column\" data-e-type=\"column\">\n\t\t\t<div class=\"elementor-widget-wrap elementor-element-populated\">\n\t\t\t\t\t\t<div class=\"elementor-element elementor-element-7e0b74d elementor-widget elementor-widget-image\" data-id=\"7e0b74d\" data-element_type=\"widget\" data-e-type=\"widget\" data-widget_type=\"image.default\">\n\t\t\t\t<div class=\"elementor-widget-container\">\n\t\t\t\t\t\t\t\t\t\t\t\t\t\t\t<img decoding=\"async\" width=\"600\" height=\"600\" src=\"https:\/\/apis-vita.si\/wp-content\/uploads\/2022\/08\/tradicija-1.jpg\" class=\"attachment-full size-full wp-image-573\" alt=\"\" srcset=\"https:\/\/apis-vita.si\/wp-content\/uploads\/2022\/08\/tradicija-1.jpg 600w, https:\/\/apis-vita.si\/wp-content\/uploads\/2022\/08\/tradicija-1-300x300.jpg 300w, https:\/\/apis-vita.si\/wp-content\/uploads\/2022\/08\/tradicija-1-150x150.jpg 150w\" sizes=\"(max-width: 600px) 100vw, 600px\" \/>\t\t\t\t\t\t\t\t\t\t\t\t\t\t\t<\/div>\n\t\t\t\t<\/div>\n\t\t\t\t\t<\/div>\n\t\t<\/div>\n\t\t\t\t\t<\/div>\n\t\t<\/section>\n\t\t\t\t<\/div>\n\t\t","protected":false},"excerpt":{"rendered":"<p>\u00dcBER APIS-VITA Die grundlegenden Ziele und Visionen von APIS-VITA d.o.o. basierend auf der Sicherstellung der qualitativ hochwertigen Anwendung technologisch fortschrittlicher Prozesse, die alle Anforderungen und Einschr\u00e4nkungen des HACCP-Systems erf\u00fcllen. Heutzutage ist eine gesunde Ern\u00e4hrung f\u00fcr jeden Einzelnen \u00e4u\u00dferst wichtig, weshalb wir unseren Kunden eine Reihe von nat\u00fcrlich hergestellten hochwertigen slowenischen Essigen der Marke Matejev anbieten. [&hellip;]<\/p>\n","protected":false},"author":2,"featured_media":0,"parent":0,"menu_order":0,"comment_status":"closed","ping_status":"closed","template":"","meta":{"footnotes":""},"class_list":["post-610","page","type-page","status-publish","hentry"],"yoast_head":"<!-- This site is optimized with the Yoast SEO plugin v27.5 - https:\/\/yoast.com\/product\/yoast-seo-wordpress\/ -->\n<title>\u00dcber Apis-vita - Apis Vita d.o.o.<\/title>\n<meta name=\"robots\" content=\"index, follow, max-snippet:-1, max-image-preview:large, max-video-preview:-1\" \/>\n<link rel=\"canonical\" href=\"https:\/\/apis-vita.si\/de\/ueber-apis-vita\/\" \/>\n<meta property=\"og:locale\" content=\"de_DE\" \/>\n<meta property=\"og:type\" content=\"article\" \/>\n<meta property=\"og:title\" content=\"\u00dcber Apis-vita - Apis Vita d.o.o.\" \/>\n<meta property=\"og:description\" content=\"\u00dcBER APIS-VITA Die grundlegenden Ziele und Visionen von APIS-VITA d.o.o. basierend auf der Sicherstellung der qualitativ hochwertigen Anwendung technologisch fortschrittlicher Prozesse, die alle Anforderungen und Einschr\u00e4nkungen des HACCP-Systems erf\u00fcllen. Heutzutage ist eine gesunde Ern\u00e4hrung f\u00fcr jeden Einzelnen \u00e4u\u00dferst wichtig, weshalb wir unseren Kunden eine Reihe von nat\u00fcrlich hergestellten hochwertigen slowenischen Essigen der Marke Matejev anbieten. [&hellip;]\" \/>\n<meta property=\"og:url\" content=\"https:\/\/apis-vita.si\/de\/ueber-apis-vita\/\" \/>\n<meta property=\"og:site_name\" content=\"Apis Vita d.o.o.\" \/>\n<meta property=\"article:modified_time\" content=\"2022-08-28T16:37:17+00:00\" \/>\n<meta property=\"og:image\" content=\"https:\/\/apis-vita.si\/wp-content\/uploads\/2022\/08\/ekipa-scaled-1.jpg\" \/>\n<meta name=\"twitter:card\" content=\"summary_large_image\" \/>\n<meta name=\"twitter:label1\" content=\"Gesch\u00e4tzte Lesezeit\" \/>\n\t<meta name=\"twitter:data1\" content=\"1\u00a0Minute\" \/>\n<script type=\"application\/ld+json\" class=\"yoast-schema-graph\">{\"@context\":\"https:\\\/\\\/schema.org\",\"@graph\":[{\"@type\":\"WebPage\",\"@id\":\"https:\\\/\\\/apis-vita.si\\\/de\\\/ueber-apis-vita\\\/\",\"url\":\"https:\\\/\\\/apis-vita.si\\\/de\\\/ueber-apis-vita\\\/\",\"name\":\"\u00dcber Apis-vita - Apis Vita d.o.o.\",\"isPartOf\":{\"@id\":\"https:\\\/\\\/apis-vita.si\\\/de\\\/#website\"},\"primaryImageOfPage\":{\"@id\":\"https:\\\/\\\/apis-vita.si\\\/de\\\/ueber-apis-vita\\\/#primaryimage\"},\"image\":{\"@id\":\"https:\\\/\\\/apis-vita.si\\\/de\\\/ueber-apis-vita\\\/#primaryimage\"},\"thumbnailUrl\":\"https:\\\/\\\/apis-vita.si\\\/wp-content\\\/uploads\\\/2022\\\/08\\\/ekipa-scaled-1.jpg\",\"datePublished\":\"2022-08-22T07:03:53+00:00\",\"dateModified\":\"2022-08-28T16:37:17+00:00\",\"breadcrumb\":{\"@id\":\"https:\\\/\\\/apis-vita.si\\\/de\\\/ueber-apis-vita\\\/#breadcrumb\"},\"inLanguage\":\"de\",\"potentialAction\":[{\"@type\":\"ReadAction\",\"target\":[\"https:\\\/\\\/apis-vita.si\\\/de\\\/ueber-apis-vita\\\/\"]}]},{\"@type\":\"ImageObject\",\"inLanguage\":\"de\",\"@id\":\"https:\\\/\\\/apis-vita.si\\\/de\\\/ueber-apis-vita\\\/#primaryimage\",\"url\":\"https:\\\/\\\/apis-vita.si\\\/wp-content\\\/uploads\\\/2022\\\/08\\\/ekipa-scaled-1.jpg\",\"contentUrl\":\"https:\\\/\\\/apis-vita.si\\\/wp-content\\\/uploads\\\/2022\\\/08\\\/ekipa-scaled-1.jpg\"},{\"@type\":\"BreadcrumbList\",\"@id\":\"https:\\\/\\\/apis-vita.si\\\/de\\\/ueber-apis-vita\\\/#breadcrumb\",\"itemListElement\":[{\"@type\":\"ListItem\",\"position\":1,\"name\":\"Home\",\"item\":\"https:\\\/\\\/apis-vita.si\\\/de\\\/\"},{\"@type\":\"ListItem\",\"position\":2,\"name\":\"\u00dcber Apis-vita\"}]},{\"@type\":\"WebSite\",\"@id\":\"https:\\\/\\\/apis-vita.si\\\/de\\\/#website\",\"url\":\"https:\\\/\\\/apis-vita.si\\\/de\\\/\",\"name\":\"Apis Vita d.o.o.\",\"description\":\"Dru\u017eba za proizvodnjo\",\"publisher\":{\"@id\":\"https:\\\/\\\/apis-vita.si\\\/de\\\/#organization\"},\"potentialAction\":[{\"@type\":\"SearchAction\",\"target\":{\"@type\":\"EntryPoint\",\"urlTemplate\":\"https:\\\/\\\/apis-vita.si\\\/de\\\/?s={search_term_string}\"},\"query-input\":{\"@type\":\"PropertyValueSpecification\",\"valueRequired\":true,\"valueName\":\"search_term_string\"}}],\"inLanguage\":\"de\"},{\"@type\":\"Organization\",\"@id\":\"https:\\\/\\\/apis-vita.si\\\/de\\\/#organization\",\"name\":\"Apis Vita d.o.o.\",\"url\":\"https:\\\/\\\/apis-vita.si\\\/de\\\/\",\"logo\":{\"@type\":\"ImageObject\",\"inLanguage\":\"de\",\"@id\":\"https:\\\/\\\/apis-vita.si\\\/de\\\/#\\\/schema\\\/logo\\\/image\\\/\",\"url\":\"https:\\\/\\\/apis-vita.si\\\/wp-content\\\/uploads\\\/2022\\\/08\\\/APIS_VITA_logo-removebg-min.png\",\"contentUrl\":\"https:\\\/\\\/apis-vita.si\\\/wp-content\\\/uploads\\\/2022\\\/08\\\/APIS_VITA_logo-removebg-min.png\",\"width\":311,\"height\":88,\"caption\":\"Apis Vita d.o.o.\"},\"image\":{\"@id\":\"https:\\\/\\\/apis-vita.si\\\/de\\\/#\\\/schema\\\/logo\\\/image\\\/\"}}]}<\/script>\n<!-- \/ Yoast SEO plugin. -->","yoast_head_json":{"title":"\u00dcber Apis-vita - Apis Vita d.o.o.","robots":{"index":"index","follow":"follow","max-snippet":"max-snippet:-1","max-image-preview":"max-image-preview:large","max-video-preview":"max-video-preview:-1"},"canonical":"https:\/\/apis-vita.si\/de\/ueber-apis-vita\/","og_locale":"de_DE","og_type":"article","og_title":"\u00dcber Apis-vita - Apis Vita d.o.o.","og_description":"\u00dcBER APIS-VITA Die grundlegenden Ziele und Visionen von APIS-VITA d.o.o. basierend auf der Sicherstellung der qualitativ hochwertigen Anwendung technologisch fortschrittlicher Prozesse, die alle Anforderungen und Einschr\u00e4nkungen des HACCP-Systems erf\u00fcllen. Heutzutage ist eine gesunde Ern\u00e4hrung f\u00fcr jeden Einzelnen \u00e4u\u00dferst wichtig, weshalb wir unseren Kunden eine Reihe von nat\u00fcrlich hergestellten hochwertigen slowenischen Essigen der Marke Matejev anbieten. [&hellip;]","og_url":"https:\/\/apis-vita.si\/de\/ueber-apis-vita\/","og_site_name":"Apis Vita d.o.o.","article_modified_time":"2022-08-28T16:37:17+00:00","og_image":[{"url":"https:\/\/apis-vita.si\/wp-content\/uploads\/2022\/08\/ekipa-scaled-1.jpg","type":"","width":"","height":""}],"twitter_card":"summary_large_image","twitter_misc":{"Gesch\u00e4tzte Lesezeit":"1\u00a0Minute"},"schema":{"@context":"https:\/\/schema.org","@graph":[{"@type":"WebPage","@id":"https:\/\/apis-vita.si\/de\/ueber-apis-vita\/","url":"https:\/\/apis-vita.si\/de\/ueber-apis-vita\/","name":"\u00dcber Apis-vita - Apis Vita d.o.o.","isPartOf":{"@id":"https:\/\/apis-vita.si\/de\/#website"},"primaryImageOfPage":{"@id":"https:\/\/apis-vita.si\/de\/ueber-apis-vita\/#primaryimage"},"image":{"@id":"https:\/\/apis-vita.si\/de\/ueber-apis-vita\/#primaryimage"},"thumbnailUrl":"https:\/\/apis-vita.si\/wp-content\/uploads\/2022\/08\/ekipa-scaled-1.jpg","datePublished":"2022-08-22T07:03:53+00:00","dateModified":"2022-08-28T16:37:17+00:00","breadcrumb":{"@id":"https:\/\/apis-vita.si\/de\/ueber-apis-vita\/#breadcrumb"},"inLanguage":"de","potentialAction":[{"@type":"ReadAction","target":["https:\/\/apis-vita.si\/de\/ueber-apis-vita\/"]}]},{"@type":"ImageObject","inLanguage":"de","@id":"https:\/\/apis-vita.si\/de\/ueber-apis-vita\/#primaryimage","url":"https:\/\/apis-vita.si\/wp-content\/uploads\/2022\/08\/ekipa-scaled-1.jpg","contentUrl":"https:\/\/apis-vita.si\/wp-content\/uploads\/2022\/08\/ekipa-scaled-1.jpg"},{"@type":"BreadcrumbList","@id":"https:\/\/apis-vita.si\/de\/ueber-apis-vita\/#breadcrumb","itemListElement":[{"@type":"ListItem","position":1,"name":"Home","item":"https:\/\/apis-vita.si\/de\/"},{"@type":"ListItem","position":2,"name":"\u00dcber Apis-vita"}]},{"@type":"WebSite","@id":"https:\/\/apis-vita.si\/de\/#website","url":"https:\/\/apis-vita.si\/de\/","name":"Apis Vita d.o.o.","description":"Dru\u017eba za proizvodnjo","publisher":{"@id":"https:\/\/apis-vita.si\/de\/#organization"},"potentialAction":[{"@type":"SearchAction","target":{"@type":"EntryPoint","urlTemplate":"https:\/\/apis-vita.si\/de\/?s={search_term_string}"},"query-input":{"@type":"PropertyValueSpecification","valueRequired":true,"valueName":"search_term_string"}}],"inLanguage":"de"},{"@type":"Organization","@id":"https:\/\/apis-vita.si\/de\/#organization","name":"Apis Vita d.o.o.","url":"https:\/\/apis-vita.si\/de\/","logo":{"@type":"ImageObject","inLanguage":"de","@id":"https:\/\/apis-vita.si\/de\/#\/schema\/logo\/image\/","url":"https:\/\/apis-vita.si\/wp-content\/uploads\/2022\/08\/APIS_VITA_logo-removebg-min.png","contentUrl":"https:\/\/apis-vita.si\/wp-content\/uploads\/2022\/08\/APIS_VITA_logo-removebg-min.png","width":311,"height":88,"caption":"Apis Vita d.o.o."},"image":{"@id":"https:\/\/apis-vita.si\/de\/#\/schema\/logo\/image\/"}}]}},"_links":{"self":[{"href":"https:\/\/apis-vita.si\/de\/wp-json\/wp\/v2\/pages\/610","targetHints":{"allow":["GET"]}}],"collection":[{"href":"https:\/\/apis-vita.si\/de\/wp-json\/wp\/v2\/pages"}],"about":[{"href":"https:\/\/apis-vita.si\/de\/wp-json\/wp\/v2\/types\/page"}],"author":[{"embeddable":true,"href":"https:\/\/apis-vita.si\/de\/wp-json\/wp\/v2\/users\/2"}],"replies":[{"embeddable":true,"href":"https:\/\/apis-vita.si\/de\/wp-json\/wp\/v2\/comments?post=610"}],"version-history":[{"count":2,"href":"https:\/\/apis-vita.si\/de\/wp-json\/wp\/v2\/pages\/610\/revisions"}],"predecessor-version":[{"id":612,"href":"https:\/\/apis-vita.si\/de\/wp-json\/wp\/v2\/pages\/610\/revisions\/612"}],"wp:attachment":[{"href":"https:\/\/apis-vita.si\/de\/wp-json\/wp\/v2\/media?parent=610"}],"curies":[{"name":"wp","href":"https:\/\/api.w.org\/{rel}","templated":true}]}}